{"id":30,"date":"2014-11-27T17:54:22","date_gmt":"2014-11-27T16:54:22","guid":{"rendered":"http:\/\/www.geigerhilk.de\/?page_id=30"},"modified":"2024-01-05T20:04:11","modified_gmt":"2024-01-05T19:04:11","slug":"basketball","status":"publish","type":"page","link":"http:\/\/www.geigerhilk.de\/index.php\/basketball\/","title":{"rendered":"Basketball"},"content":{"rendered":"<p><strong>Bisherige Mannschaften<\/strong><\/p>\n<p><strong>Leistungssport<\/strong><\/p>\n<ul>\n<li>Assistant Coach Saison 2010\/11 Meisterschaft 2. DBBL S\u00fcd, DJK Don Bosco Bamberg e.V.<\/li>\n<li>Assistant Coach Saison 2011\/12 Meisterschaft 2. DBBL S\u00fcd, DJK Don Bosco Bamberg e.V.<\/li>\n<li>Assistant Coach Saison 2012\/13 Play-off-Teilnahme 1. DBBL, DJK Brose Bamberg<\/li>\n<\/ul>\n<p><strong>Breitensport<\/strong><\/p>\n<p>Herrenbereich<\/p>\n<ul>\n<li>Headcoach Saison 2018\/19 Herren 1, Bezirksoberliga, Post SV Bamberg e.V.<\/li>\n<li>Assistant Coach Saison 2017\/18 Herren, 1. Regionalliga, TTL Basketball Bamberg e.V. (Abstieg als 2. Absteiger nach Chemnitz, der TTL bleibt jedoch 2018\/2019 in der 1. Regionalliga S\u00fcdost, nachdem der BBC Coburg in der Pro-B antreten wird. Bamberg, als bedingter Absteiger bleibt in der 1. Regionalliga)<\/li>\n<li>Assistant Coach Saison 2016\/17 Herren, 2. Regionalliga, TTL Basketball Bamberg e.V. (f\u00fcr 1. Regio )<\/li>\n<li>Assistant Coach Saison 2015\/16 Herren 1, 2. Regionalliga, TTL Basketball Bamberg e.V. (4. Platz)<\/li>\n<li>Headcoach Saison 2014\/15 Herren 3, Kreisliga,\u00a0 TTL Basketball Bamberg e.V. (Erreichen Top4 Kreispokal, Relegationsrunde zum Aufstieg)<\/li>\n<\/ul>\n<p>Damenbereich:<\/p>\n<ul>\n<li>Headcoach Saison 2012\/13 Damen 2, TTL Basketball Bamberg e.V<\/li>\n<\/ul>\n<p>Jugendbereich &#8211; m\u00e4nnlich<\/p>\n<ul>\n<li>Interims-Coach \u00dcbergang Saison 2017\/2018, 2018\/19, U18 1 m\u00e4nnlich, TTL Basketball Bamberg e.V.<\/li>\n<li>Headcoach Saison 2013\/14 U18 1 m\u00e4nnlich, Bezirksoberliga, Top4 Teilnahme,\u00a0 DJK Don Bosco Bamberg e.V.<\/li>\n<li>Headcoach Saison 2012\/13 U16-1 m\u00e4nnlich, Bezirksoberliga,\u00a0 DJK Don Bosco Bamberg e.V.<\/li>\n<li>Headcoach Saison 2010\/11 U18-1 m\u00e4nnlich, Bezirksoberliga, TTL Basketball Bamberg e.V.<\/li>\n<li>Headcoach Saison 2009\/10 U18-1 m\u00e4nnlich, Bezirksoberliga, TTL Basketball Bamberg e.V.<\/li>\n<li>Headcoach Saison 2008\/09 U16-1 m\u00e4nnlich, Bezirksoberliga, TTL Basketball Bamberg e.V (Gewinn German-American-Tournament, Bamberg)<\/li>\n<\/ul>\n<p>Jugendbereich &#8211; weiblich<\/p>\n<ul>\n<li>Headcoach Saison 2010\/11 U17-1 weiblich, TTL Basketball Bamberg e.V<\/li>\n<li>Headcoach Saison 2009\/10 U17-1 weiblich, TTL Basketball Bamberg e.V<\/li>\n<\/ul>\n<p><strong>Universit\u00e4tssport<\/strong><\/p>\n<ul>\n<li>Coach Uniauswahl Damen der Otto-Friedrich-Universit\u00e4t Bamberg 2011\/12 (2. Bayerischer Meister (Erlangen), 4. Deutscher Meister (M\u00fcnster))<\/li>\n<li>Coach Uniauswahl Damen der Otto-Friedrich-Universit\u00e4t Bamberg 2010\/11 (3. Bayerischer Meister in W\u00fcrzburg)<\/li>\n<\/ul>\n<p><strong>Dozent Volkshochschule Bamberg Stadt<\/strong><\/p>\n<ul>\n<li>Basketball f\u00fcr Herren 2010\/11, 2011\/12, 2012\/13, 2013\/14, 2014\/15, 2015\/16, 2016\/17, 2017\/18, 2018\/19<\/li>\n<li>Basketball f\u00fcr Damen 2010\/11, 2011\/12, 2012\/13, 2013\/14, 2014\/15, 2015\/16, 2016\/17, 2017\/18, 2018\/19<\/li>\n<\/ul>\n<p><strong>Aktuelle Trainerlizenz<\/strong><\/p>\n<ul>\n<li>B-Leistungssport, Deutscher Basketball Bund, 2015 (Hagen), mehrfach verl\u00e4ngert, g\u00fcltig bis 2027<\/li>\n<li>Ballschul\u00fcbungsleiter, Universit\u00e4t Heidelberg<\/li>\n<li>Coach Clinic Zertifikate 2010 (Bamberg), 2009 (Forchheim), 2008 (Bamberg), 2008 (Bamberg), 2007 (Bamberg)<\/li>\n<li>Fortbildungen (Albert-Schweitzer-Turnier AST Coach Clinics, Mannheim\/Viernheim) M\u00e4rz\/April 2016, M\u00e4rz\/April 2018, Hofheim 2024<\/li>\n<\/ul>\n<p><strong>Ehrenamtliche T\u00e4tigkeit<\/strong><\/p>\n<p><strong>Scouting Officer<br \/>\n<\/strong><\/p>\n<ul>\n<li>Scouting Officer Brose\u00a0 Bamberg 1993-2018<\/li>\n<\/ul>\n<p>Erstellung von Statistiken f\u00fcr Brose Bamberg in Wettbewerben BBL, Eurocup, Euroleague, sowie bei Spielen der Deutschen Nationalmannschaft in Bamberg\/N\u00fcrnberg. Erstellung von Nachberichtsb\u00f6gen f\u00fcr die BBL.<\/p>\n<p><strong>Video Scouting<\/strong><\/p>\n<p>seit Saison 2014\/15 Mitarbeit Videoscouting Brose Bamberg (BBL, Euroleague, BCL)<\/p>\n<p><strong>Individualtraining<br \/>\n<\/strong><\/p>\n<p>Alina Hartmann (Deutsche A-Nationalmannschaft, 1. DBBL, Spanische Liga, Belgische Liga)<br \/>\nNiko Reichmann (1. Regionalliga)<br \/>\nFlo Hager (Bezirksoberliga\/ 2. Regionalliga)<\/p>\n","protected":false},"excerpt":{"rendered":"<p>Bisherige Mannschaften Leistungssport Assistant Coach Saison 2010\/11 Meisterschaft 2. DBBL S\u00fcd, DJK Don Bosco Bamberg e.V. Assistant Coach Saison 2011\/12 Meisterschaft 2. DBBL S\u00fcd, DJK Don Bosco Bamberg e.V. Assistant Coach Saison 2012\/13 Play-off-Teilnahme 1. DBBL, DJK Brose Bamberg Breitensport &hellip; <a href=\"http:\/\/www.geigerhilk.de\/index.php\/basketball\/\">Weiterlesen <span class=\"meta-nav\">&rarr;<\/span><\/a><\/p>\n","protected":false},"author":2,"featured_media":0,"parent":0,"menu_order":0,"comment_status":"closed","ping_status":"closed","template":"","meta":{"footnotes":""},"class_list":["post-30","page","type-page","status-publish","hentry"],"_links":{"self":[{"href":"http:\/\/www.geigerhilk.de\/index.php\/wp-json\/wp\/v2\/pages\/30","targetHints":{"allow":["GET"]}}],"collection":[{"href":"http:\/\/www.geigerhilk.de\/index.php\/wp-json\/wp\/v2\/pages"}],"about":[{"href":"http:\/\/www.geigerhilk.de\/index.php\/wp-json\/wp\/v2\/types\/page"}],"author":[{"embeddable":true,"href":"http:\/\/www.geigerhilk.de\/index.php\/wp-json\/wp\/v2\/users\/2"}],"replies":[{"embeddable":true,"href":"http:\/\/www.geigerhilk.de\/index.php\/wp-json\/wp\/v2\/comments?post=30"}],"version-history":[{"count":27,"href":"http:\/\/www.geigerhilk.de\/index.php\/wp-json\/wp\/v2\/pages\/30\/revisions"}],"predecessor-version":[{"id":164,"href":"http:\/\/www.geigerhilk.de\/index.php\/wp-json\/wp\/v2\/pages\/30\/revisions\/164"}],"wp:attachment":[{"href":"http:\/\/www.geigerhilk.de\/index.php\/wp-json\/wp\/v2\/media?parent=30"}],"curies":[{"name":"wp","href":"https:\/\/api.w.org\/{rel}","templated":true}]}}