{"id":27,"date":"2014-11-27T18:17:52","date_gmt":"2014-11-27T17:17:52","guid":{"rendered":"http:\/\/www.geigerhilk.de\/?page_id=27"},"modified":"2024-01-05T20:05:18","modified_gmt":"2024-01-05T19:05:18","slug":"vita","status":"publish","type":"page","link":"http:\/\/www.geigerhilk.de\/index.php\/vita\/","title":{"rendered":"Vita"},"content":{"rendered":"<p><strong>Berufserfahrung<\/strong><\/p>\n<p>Bereits w\u00e4hrend meines Studiums war ich ehrenamtlich als Projektkoordinator im Bereich P\u00e4dagogik t\u00e4tig. Hierbei konnte ich aktiv die Kommunikationskultur mitentwickeln, Programmplanungen erstellen, Networkingstrukturen aufbauen, Events planen und leitend in der Projektorganisation t\u00e4tig werden. Im IT-Bereich arbeitete ich studienbegleitend im Rechenzentrum der Universit\u00e4t Bamberg, betreute dort verschiedenartige IT-Serverstrukturen, Rechnerpools und f\u00fchrte Schulungen f\u00fcr Studenten durch. Seit dem Ende meines Studiums arbeitete ich als freier Trainer und Berater. Durch meine Erfahrung im Bereich der Probleml\u00f6setechnik kann ich meine Klienten bei der L\u00f6sung Ihrer vielf\u00e4ltigen Probleme unterst\u00fctzen.<\/p>\n<p style=\"text-align: left; padding-left: 40px;\"><span style=\"color: #333399;\">10\/2020 &#8211; Heute<\/span> <strong>IT-Systemadministrator<\/strong>, Siemens Energy GmbH und Co. KG, Erlangen<\/p>\n<hr \/>\n<p style=\"padding-left: 40px;\"><span style=\"color: #333399;\">05\/2019 &#8211; 09\/2020<\/span> <strong>IT-Systemadministrator<\/strong>, Siemens AG, Erlangen<\/p>\n<hr \/>\n<p style=\"padding-left: 30px;\"><span style=\"color: #333399;\">09\/2014 &#8211; 12\/2017<\/span> <strong>Gesch\u00e4ftsf\u00fchrender Gesellschafter<\/strong>, pn Professionals GbR, Bamberg<\/p>\n<hr \/>\n<p style=\"padding-left: 30px;\"><span style=\"color: #333399;\">08\/2014 &#8211; 08\/2016<\/span> <strong>EDV-Administrator<\/strong>, TTL Basketball Bamberg e.V.<\/p>\n<hr \/>\n<p style=\"padding-left: 30px;\"><span style=\"color: #333399;\">03\/2010 &#8211; 2016\u00a0<\/span> <strong>Dozent<\/strong>, Fachbereich Gesundheit, Volkshochschule Bamberg<\/p>\n<hr \/>\n<p style=\"padding-left: 30px;\"><span style=\"color: #333399;\">01\/2014 &#8211; 07\/2014<\/span> <strong>Fachinformatiker f\u00fcr Systemintegration<\/strong>, PPS GmbH, Breiteng\u00fc\u00dfbach<\/p>\n<hr \/>\n<p style=\"padding-left: 30px;\"><span style=\"color: #333399;\">08\/1992 &#8211; 2018\u00a0<\/span> <strong>Scouting Officer<\/strong>, Brose Bamberg<\/p>\n<hr \/>\n<p style=\"padding-left: 30px;\"><span style=\"color: #333399;\">06\/2010 &#8211; 04\/2013<\/span> <strong>Assistant-Coach<\/strong>, DJK Brose Bamberg GmbH<\/p>\n<hr \/>\n<p style=\"padding-left: 30px;\"><span style=\"color: #333399;\">08\/2010 &#8211; 09\/2011<\/span> <strong>Projektkoordinator<\/strong>, prop\u00e4d e.V., Bamberg<\/p>\n<hr \/>\n<p style=\"padding-left: 30px;\"><span style=\"color: #333399;\">11\/2007 &#8211; 12\/2010<\/span> <strong>Hilfswissenschaftlicher Mitarbeiter<\/strong>, Lehrstuhl f\u00fcr Wirtschaftsp\u00e4dagogik, Universit\u00e4t Bamberg<\/p>\n<hr \/>\n<p style=\"padding-left: 30px;\"><span style=\"color: #333399;\">09\/2002 &#8211; 02\/2005<\/span> <strong>Fachinformatiker f\u00fcr Systemintegration<\/strong>, Deutsche Telekom AG, Bamberg \/ W\u00fcrzburg<\/p>\n<hr \/>\n<p style=\"padding-left: 30px;\"><span style=\"color: #333399;\">08\/2001 &#8211; 04\/2002<\/span> <strong>Zivildienstleistender<\/strong>, Stroke Unit, Klinikum am Bruderwald, Bamberg<\/p>\n<hr \/>\n<p><strong>Ausbildung<\/strong><\/p>\n<ul>\n<li>P\u00e4dagogik (<span style=\"color: #333399;\">Bachelor of Arts<\/span>, Otto-Friedrich-Universit\u00e4t Bamberg) mit den Schwerpunkten Erwachsenen- und Weiterbildung, Sozialp\u00e4dagogik und Betriebswirtschaftslehre\/Volkswirtschaftslehre<\/li>\n<li><span style=\"color: #333399;\">Train-the-Trainer-Ausbildung<\/span> (Universit\u00e4t Bamberg) mit den Schwerpunkten Kommunikative Kompetenz, Aktivierende Methoden, Visualisieren und Pr\u00e4sentieren und Seminardesign<\/li>\n<li><span style=\"color: #333399;\">Fachinformatiker f\u00fcr Systemintegration<\/span> (IHK)<\/li>\n<li><span style=\"color: #333399;\">B-Leistungssportlizenz <span style=\"color: #000000;\">(Deutscher Basketball Bund, Hagen, 2015. Verl\u00e4ngerung bis<\/span><\/span><\/li>\n<li><span style=\"color: #333399;\"><span style=\"color: #000000;\">2018, Verl\u00e4ngerung bis 2021, Verl\u00e4ngerung bis 2024; Aktuell verl\u00e4ngert bis 2027) mit Mannschaftserfahrung im Jugend, M\u00e4nner- u<\/span><\/span><span style=\"color: #000000;\">nd<\/span> Damenbereich bis in die 1. DBBL<\/li>\n<\/ul>\n<p><strong>Ehrenamtliche T\u00e4tigkeiten<\/strong><\/p>\n<ul>\n<li><span style=\"color: #000080;\">Coach<\/span> Basketball <span style=\"color: #000080;\">Individualtraining<\/span> SG <span style=\"color: #666699;\"><strong><a href=\"https:\/\/postsportverein.de\/abteilungen\/basketball\/\">Post SV Bamberg e.V.<\/a> \/ <a href=\"https:\/\/www.tsg05-bamberg.de\/basketball\">TSG 05 Bamberg<\/a> e.V.<\/strong><\/span><\/li>\n<li><span style=\"color: #333399;\">Dozent<\/span> Basketball f\u00fcr Herren und Damen der <a href=\"http:\/\/www.vhs-bamberg.de\"><strong>VHS Bamberg<\/strong><\/a><\/li>\n<li><span style=\"color: #333399;\">EDV-Admin<\/span> der Homepage des <a href=\"http:\/\/www.ttl-basketball-bamberg.de\"><strong>TTL Basketball Bamberg e.V.<\/strong><\/a><\/li>\n<li>Mithilfe Videoscouting <strong><a href=\"http:\/\/www.brosebaskets.de\">Brose Baskets Bamberg<\/a><\/strong><\/li>\n<\/ul>\n<p><strong>Kompetenzen<\/strong><\/p>\n<p><strong>IT-Kenntnisse<\/strong><\/p>\n<p>CCNA 1\/2, <strong><a href=\"https:\/\/learningnetwork.cisco.com\/\">Cisco Systems<\/a><\/strong><br \/>\nCMS (<strong><a href=\"https:\/\/wordpress.com\/de\/\">WordPress<\/a><\/strong>, <strong><a href=\"https:\/\/www.joomla.de\/\">Joomla<\/a><\/strong>, <strong><a href=\"https:\/\/typo3.org\/\">Typo3<\/a><\/strong>)<br \/>\nLMS (<a href=\"https:\/\/mahara.org\/\"><strong>Mahara<\/strong><\/a>, <strong><a href=\"https:\/\/moodle.de\/\">Moodle<\/a><\/strong>)<br \/>\nMicrosoft 365 Standard<br \/>\nMicrosoft Windows 10 \/ 11<br \/>\nMicrosoft Windows Server 2016<br \/>\nMindview<br \/>\nPrezi<br \/>\nBasiskenntnisse <a href=\"https:\/\/www.siemens-energy.com\/global\/en\/home\/products-services\/product\/omnivise-t3000.html\"><strong>Omnivise T3000<\/strong><\/a> Control System<\/p>\n<p><strong>Methoden<\/strong><br \/>\nDatenerhebung (<a href=\"https:\/\/www.unipark.com\/umfragesoftware\/\"><strong>Unipark<\/strong><\/a> questback)<br \/>\nDatenanalyse (<a href=\"https:\/\/www.ibm.com\/products\/spss-statistics\"><strong>SPSS<\/strong><\/a>)<br \/>\nVideoanalyse (Basketball <strong><a href=\"https:\/\/campus.sportlounge.com\/\">Sportlounge<\/a><\/strong>, <strong><a href=\"https:\/\/fastmodelsports.com\/\">FastDraw<\/a><\/strong>)<br \/>\nVideoanalyse (Coaching K\u00f6rpersprache in der Erwachsenenbildung, Feedback)<\/p>\n","protected":false},"excerpt":{"rendered":"<p>Berufserfahrung Bereits w\u00e4hrend meines Studiums war ich ehrenamtlich als Projektkoordinator im Bereich P\u00e4dagogik t\u00e4tig. Hierbei konnte ich aktiv die Kommunikationskultur mitentwickeln, Programmplanungen erstellen, Networkingstrukturen aufbauen, Events planen und leitend in der Projektorganisation t\u00e4tig werden. Im IT-Bereich arbeitete ich studienbegleitend im &hellip; <a href=\"http:\/\/www.geigerhilk.de\/index.php\/vita\/\">Weiterlesen <span class=\"meta-nav\">&rarr;<\/span><\/a><\/p>\n","protected":false},"author":2,"featured_media":0,"parent":0,"menu_order":0,"comment_status":"closed","ping_status":"closed","template":"","meta":{"footnotes":""},"class_list":["post-27","page","type-page","status-publish","hentry"],"_links":{"self":[{"href":"http:\/\/www.geigerhilk.de\/index.php\/wp-json\/wp\/v2\/pages\/27","targetHints":{"allow":["GET"]}}],"collection":[{"href":"http:\/\/www.geigerhilk.de\/index.php\/wp-json\/wp\/v2\/pages"}],"about":[{"href":"http:\/\/www.geigerhilk.de\/index.php\/wp-json\/wp\/v2\/types\/page"}],"author":[{"embeddable":true,"href":"http:\/\/www.geigerhilk.de\/index.php\/wp-json\/wp\/v2\/users\/2"}],"replies":[{"embeddable":true,"href":"http:\/\/www.geigerhilk.de\/index.php\/wp-json\/wp\/v2\/comments?post=27"}],"version-history":[{"count":23,"href":"http:\/\/www.geigerhilk.de\/index.php\/wp-json\/wp\/v2\/pages\/27\/revisions"}],"predecessor-version":[{"id":165,"href":"http:\/\/www.geigerhilk.de\/index.php\/wp-json\/wp\/v2\/pages\/27\/revisions\/165"}],"wp:attachment":[{"href":"http:\/\/www.geigerhilk.de\/index.php\/wp-json\/wp\/v2\/media?parent=27"}],"curies":[{"name":"wp","href":"https:\/\/api.w.org\/{rel}","templated":true}]}}